{"id":923,"date":"2025-07-31T20:36:12","date_gmt":"2025-07-31T20:36:12","guid":{"rendered":"https:\/\/milenaria.co\/services\/"},"modified":"2025-11-20T21:52:36","modified_gmt":"2025-11-20T21:52:36","slug":"services","status":"publish","type":"page","link":"https:\/\/milenaria.co\/en\/services\/","title":{"rendered":"Servicios"},"content":{"rendered":"<div class=\"wp-block-uagb-container uagb-block-d813a79f alignfull uagb-is-root-container\"><div class=\"uagb-container-inner-blocks-wrap\">\n<div class=\"wp-block-uagb-info-box uagb-block-84311fa0 uagb-infobox__content-wrap  uagb-infobox-icon-above-title uagb-infobox-image-valign-top\"><div class=\"uagb-ifb-content\"><div class=\"uagb-ifb-title-wrap\"><h6 class=\"uagb-ifb-title-prefix\">Servicios<\/h6><h1 class=\"uagb-ifb-title\">Nuestros proyectos unen arte, medicina natural y educaci\u00f3n para fortalecer la salud colectiva y el tejido social. <\/h1><\/div><\/div><\/div>\n<\/div><\/div>\n\n\n\n<div class=\"wp-block-uagb-container uagb-block-f7e8e06b alignfull uagb-is-root-container\"><div class=\"uagb-container-inner-blocks-wrap\">\n<div class=\"wp-block-uagb-container uagb-block-828516f7\">\n<div class=\"wp-block-uagb-info-box uagb-block-580c02df uagb-infobox__content-wrap  uagb-infobox-icon-above-title uagb-infobox-image-valign-top\"><div class=\"uagb-ifb-content\"><div class=\"uagb-ifb-title-wrap\"><h2 class=\"uagb-ifb-title-prefix\">Dise\u00f1o y Ejecuci\u00f3n de Programas de Bienestar Intercultural<\/h2><h5 class=\"uagb-ifb-title\"><br><\/h5><\/div><div class=\"uagb-ifb-separator\"><\/div><\/div><\/div>\n\n\n\n<div class=\"wp-block-uagb-advanced-heading uagb-block-1bce4b41\"><p class=\"uagb-desc-text\">Desarrollamos programas integrales que articulan arte-medicina, pr\u00e1cticas de autocuidado, educaci\u00f3n comunitaria y enfoques de medicina natural para fortalecer la salud colectiva y promover entornos m\u00e1s conscientes y socialmente responsables.<br>Nuestros procesos se adaptan a diversas instituciones \u2014p\u00fablicas, acad\u00e9micas y comunitarias\u2014 que buscan implementar estrategias innovadoras de diplomacia del cuidado, bienestar emocional y acompa\u00f1amiento culturalmente sensible.<br>A trav\u00e9s de metodolog\u00edas participativas, experiencias creativas y herramientas interculturales, facilitamos proyectos que potencian la vitalidad individual y el tejido social, generando impactos sostenibles en las comunidades a las que servimos.<br><\/p><\/div>\n<\/div>\n\n\n\n<div class=\"wp-block-uagb-container uagb-block-06473ea3\">\n<div class=\"wp-block-uagb-image uagb-block-ed781db9 wp-block-uagb-image--layout-default wp-block-uagb-image--effect-static wp-block-uagb-image--align-none\"><figure class=\"wp-block-uagb-image__figure\"><img loading=\"lazy\" decoding=\"async\" srcset=\"https:\/\/milenaria.co\/wp-content\/uploads\/2025\/11\/Untitled-design-4-1024x1024.png ,https:\/\/milenaria.co\/wp-content\/uploads\/2025\/11\/Untitled-design-4.png 780w, https:\/\/milenaria.co\/wp-content\/uploads\/2025\/11\/Untitled-design-4.png 360w\" sizes=\"auto, (max-width: 480px) 150px\" src=\"https:\/\/milenaria.co\/wp-content\/uploads\/2025\/11\/Untitled-design-4-1024x1024.png\" alt=\"untitled design (4)\" class=\"uag-image-2862\" width=\"600\" height=\"550\" title=\"untitled design (4)\" role=\"img\"\/><\/figure><\/div>\n<\/div>\n<\/div><\/div>\n\n\n\n<div class=\"wp-block-uagb-container uagb-block-fac7244b alignfull uagb-is-root-container\"><div class=\"uagb-container-inner-blocks-wrap\">\n<div class=\"wp-block-uagb-container uagb-block-c67fc07c\">\n<div class=\"wp-block-uagb-image uagb-block-0e621cfe wp-block-uagb-image--layout-default wp-block-uagb-image--effect-static wp-block-uagb-image--align-none\"><figure class=\"wp-block-uagb-image__figure\"><img loading=\"lazy\" decoding=\"async\" srcset=\"https:\/\/milenaria.co\/wp-content\/uploads\/2025\/11\/Untitled-design-5-1024x1024.png ,https:\/\/milenaria.co\/wp-content\/uploads\/2025\/11\/Untitled-design-5.png 780w, https:\/\/milenaria.co\/wp-content\/uploads\/2025\/11\/Untitled-design-5.png 360w\" sizes=\"auto, (max-width: 480px) 150px\" src=\"https:\/\/milenaria.co\/wp-content\/uploads\/2025\/11\/Untitled-design-5-1024x1024.png\" alt=\"untitled design (5)\" class=\"uag-image-2861\" width=\"600\" height=\"550\" title=\"untitled design (5)\" role=\"img\"\/><\/figure><\/div>\n<\/div>\n\n\n\n<div class=\"wp-block-uagb-container uagb-block-f0af2b45\">\n<div class=\"wp-block-uagb-info-box uagb-block-d4218e9c uagb-infobox__content-wrap  uagb-infobox-icon-above-title uagb-infobox-image-valign-top\"><div class=\"uagb-ifb-content\"><div class=\"uagb-ifb-title-wrap\"><h2 class=\"uagb-ifb-title-prefix\">Consultor\u00edas y Formaci\u00f3n en Arte y Salud Comunitaria<\/h2><\/div><div class=\"uagb-ifb-separator\"><\/div><\/div><\/div>\n\n\n\n<div class=\"wp-block-uagb-advanced-heading uagb-block-6d4e4d26\"><p class=\"uagb-desc-text\">Ofrecemos acompa\u00f1amiento especializado para instituciones que desean integrar el arte como herramienta de bienestar, participaci\u00f3n social y fortalecimiento comunitario. Nuestras consultor\u00edas incorporan enfoques interculturales, pr\u00e1cticas de autocuidado y metodolog\u00edas creativas que facilitan procesos de salud colectiva desde perspectivas respetuosas y culturalmente informadas.<br>Brindamos formaci\u00f3n para equipos profesionales, organizaciones y programas sociales que buscan implementar estrategias innovadoras de arte-medicina, cuidado comunitario y educaci\u00f3n sensible al territorio. A trav\u00e9s de espacios formativos din\u00e1micos y experiencias pr\u00e1cticas, apoyamos el dise\u00f1o y la implementaci\u00f3n de iniciativas que promueven entornos m\u00e1s saludables, conscientes y cohesionados.<\/p><\/div>\n<\/div>\n<\/div><\/div>\n\n\n\n<div class=\"wp-block-uagb-container uagb-block-3ef12d1e alignfull uagb-is-root-container\"><div class=\"uagb-container-inner-blocks-wrap\">\n<div class=\"wp-block-uagb-container uagb-block-881d52ed\">\n<div class=\"wp-block-uagb-info-box uagb-block-f319cf99 uagb-infobox__content-wrap  uagb-infobox-icon-above-title uagb-infobox-image-valign-top\"><div class=\"uagb-ifb-content\"><div class=\"uagb-ifb-title-wrap\"><h2 class=\"uagb-ifb-title-prefix\">Talleres de Autocuidado y Medicina Natural para Equipos y Comunidades<\/h2><\/div><div class=\"uagb-ifb-separator\"><\/div><\/div><\/div>\n\n\n\n<div class=\"wp-block-uagb-advanced-heading uagb-block-d0135e45\"><h6 class=\"uagb-heading-text\">Formats:<\/h6><p class=\"uagb-desc-text\">Facilitamos talleres dise\u00f1ados para fortalecer el bienestar integral de equipos profesionales y comunidades a trav\u00e9s de pr\u00e1cticas de autocuidado, enfoques de medicina natural y herramientas basadas en el arte-medicina. Cada experiencia se adapta al contexto cultural y social de los participantes, promoviendo h\u00e1bitos saludables, conciencia corporal y ambientes de trabajo m\u00e1s equilibrados.<br>Nuestros talleres integran saberes interculturales, recursos de la naturaleza y metodolog\u00edas participativas que fomentan la vitalidad, la prevenci\u00f3n y la diplomacia del cuidado. Est\u00e1n dirigidos a instituciones, organizaciones y colectivos que buscan promover bienestar sostenible y fortalecer sus capacidades internas desde un enfoque sensible al territorio y a las personas.<\/p><\/div>\n<\/div>\n\n\n\n<div class=\"wp-block-uagb-container uagb-block-cd0c7b67\">\n<div class=\"wp-block-uagb-image uagb-block-07721a08 wp-block-uagb-image--layout-default wp-block-uagb-image--effect-static wp-block-uagb-image--align-none\"><figure class=\"wp-block-uagb-image__figure\"><img loading=\"lazy\" decoding=\"async\" srcset=\"https:\/\/milenaria.co\/wp-content\/uploads\/2025\/11\/Captura-de-pantalla-2025-11-18-153228-2.png ,https:\/\/milenaria.co\/wp-content\/uploads\/2025\/11\/Captura-de-pantalla-2025-11-18-153228-2.png 780w, https:\/\/milenaria.co\/wp-content\/uploads\/2025\/11\/Captura-de-pantalla-2025-11-18-153228-2.png 360w\" sizes=\"auto, (max-width: 480px) 150px\" src=\"https:\/\/milenaria.co\/wp-content\/uploads\/2025\/11\/Captura-de-pantalla-2025-11-18-153228-2.png\" alt=\"captura de pantalla 2025 11 18 153228\" class=\"uag-image-2804\" width=\"600\" height=\"550\" title=\"captura de pantalla 2025 11 18 153228\" role=\"img\"\/><\/figure><\/div>\n<\/div>\n<\/div><\/div>\n\n\n\n<div class=\"wp-block-uagb-container uagb-block-464304ab alignfull uagb-is-root-container\"><div class=\"uagb-container-inner-blocks-wrap\">\n<div class=\"wp-block-uagb-container uagb-block-daf29b4d\">\n<div class=\"wp-block-uagb-image uagb-block-2ac7844b wp-block-uagb-image--layout-default wp-block-uagb-image--effect-static wp-block-uagb-image--align-none\"><figure class=\"wp-block-uagb-image__figure\"><img loading=\"lazy\" decoding=\"async\" srcset=\"https:\/\/milenaria.co\/wp-content\/uploads\/2025\/11\/Untitled-design-6-1024x1024.png ,https:\/\/milenaria.co\/wp-content\/uploads\/2025\/11\/Untitled-design-6.png 780w, https:\/\/milenaria.co\/wp-content\/uploads\/2025\/11\/Untitled-design-6.png 360w\" sizes=\"auto, (max-width: 480px) 150px\" src=\"https:\/\/milenaria.co\/wp-content\/uploads\/2025\/11\/Untitled-design-6-1024x1024.png\" alt=\"untitled design (6)\" class=\"uag-image-2863\" width=\"600\" height=\"550\" title=\"untitled design (6)\" role=\"img\"\/><\/figure><\/div>\n<\/div>\n\n\n\n<div class=\"wp-block-uagb-container uagb-block-685143d7\">\n<div class=\"wp-block-uagb-info-box uagb-block-45580dce uagb-infobox__content-wrap  uagb-infobox-icon-above-title uagb-infobox-image-valign-top\"><div class=\"uagb-ifb-content\"><div class=\"uagb-ifb-title-wrap\"><h2 class=\"uagb-ifb-title-prefix\">Asesor\u00eda a Consulados, Universidades y Fundaciones en Diplomacia del Cuidado<\/h2><\/div><div class=\"uagb-ifb-separator\"><\/div><\/div><\/div>\n\n\n\n<div class=\"wp-block-uagb-advanced-heading uagb-block-0f4da6a0\"><p class=\"uagb-desc-text\">Brindamos acompa\u00f1amiento estrat\u00e9gico a instituciones que buscan integrar la diplomacia del cuidado en sus programas, servicios y relaciones con la comunidad. Nuestra asesor\u00eda combina enfoques interculturales, arte-medicina y pr\u00e1cticas de bienestar para fortalecer la atenci\u00f3n, la escucha activa y la respuesta institucional frente a las necesidades de poblaciones diversas.<br>Trabajamos con consulados, universidades y fundaciones para dise\u00f1ar lineamientos, protocolos y acciones que promuevan entornos m\u00e1s humanos, culturalmente sensibles y orientados al autocuidado colectivo. A trav\u00e9s de metodolog\u00edas participativas y perspectivas territoriales, apoyamos la construcci\u00f3n de capacidades institucionales que generan v\u00ednculos m\u00e1s s\u00f3lidos y un impacto social sostenible.<\/p><\/div>\n<\/div>\n<\/div><\/div>","protected":false},"excerpt":{"rendered":"<p>Desarrollamos programas integrales que articulan arte-medicina, pr\u00e1cticas de autocuidado, educaci\u00f3n comunitaria y enfoques de medicina natural para fortalecer la salud [&hellip;]<\/p>\n","protected":false},"author":1,"featured_media":0,"parent":0,"menu_order":0,"comment_status":"closed","ping_status":"closed","template":"","meta":{"_uag_custom_page_level_css":"","site-sidebar-layout":"no-sidebar","site-content-layout":"","ast-site-content-layout":"full-width-container","site-content-style":"unboxed","site-sidebar-style":"default","ast-global-header-display":"","ast-banner-title-visibility":"","ast-main-header-display":"","ast-hfb-above-header-display":"","ast-hfb-below-header-display":"","ast-hfb-mobile-header-display":"","site-post-title":"disabled","ast-breadcrumbs-content":"","ast-featured-img":"","footer-sml-layout":"","theme-transparent-header-meta":"","adv-header-id-meta":"","stick-header-meta":"","header-above-stick-meta":"","header-main-stick-meta":"","header-below-stick-meta":"","astra-migrate-meta-layouts":"default","ast-page-background-enabled":"default","ast-page-background-meta":{"desktop":{"background-color":"var(--ast-global-color-4)","background-image":"","background-repeat":"repeat","background-position":"center center","background-size":"auto","background-attachment":"scroll","background-type":"","background-media":"","overlay-type":"","overlay-color":"","overlay-opacity":"","overlay-gradient":""},"tablet":{"background-color":"","background-image":"","background-repeat":"repeat","background-position":"center center","background-size":"auto","background-attachment":"scroll","background-type":"","background-media":"","overlay-type":"","overlay-color":"","overlay-opacity":"","overlay-gradient":""},"mobile":{"background-color":"","background-image":"","background-repeat":"repeat","background-position":"center center","background-size":"auto","background-attachment":"scroll","background-type":"","background-media":"","overlay-type":"","overlay-color":"","overlay-opacity":"","overlay-gradient":""}},"ast-content-background-meta":{"desktop":{"background-color":"var(--ast-global-color-5)","background-image":"","background-repeat":"repeat","background-position":"center center","background-size":"auto","background-attachment":"scroll","background-type":"","background-media":"","overlay-type":"","overlay-color":"","overlay-opacity":"","overlay-gradient":""},"tablet":{"background-color":"var(--ast-global-color-5)","background-image":"","background-repeat":"repeat","background-position":"center center","background-size":"auto","background-attachment":"scroll","background-type":"","background-media":"","overlay-type":"","overlay-color":"","overlay-opacity":"","overlay-gradient":""},"mobile":{"background-color":"var(--ast-global-color-5)","background-image":"","background-repeat":"repeat","background-position":"center center","background-size":"auto","background-attachment":"scroll","background-type":"","background-media":"","overlay-type":"","overlay-color":"","overlay-opacity":"","overlay-gradient":""}},"footnotes":""},"class_list":["post-923","page","type-page","status-publish","hentry"],"aioseo_notices":[],"uagb_featured_image_src":{"full":false,"thumbnail":false,"medium":false,"medium_large":false,"large":false,"1536x1536":false,"2048x2048":false,"trp-custom-language-flag":false,"woocommerce_thumbnail":false,"woocommerce_single":false,"woocommerce_gallery_thumbnail":false},"uagb_author_info":{"display_name":"soporte.milenaria@gmail.com","author_link":"https:\/\/milenaria.co\/en\/author\/soporte-milenariagmail-com\/"},"uagb_comment_info":0,"uagb_excerpt":"Desarrollamos programas integrales que articulan arte-medicina, pr\u00e1cticas de autocuidado, educaci\u00f3n comunitaria y enfoques de medicina natural para fortalecer la salud [&hellip;]","_links":{"self":[{"href":"https:\/\/milenaria.co\/en\/wp-json\/wp\/v2\/pages\/923","targetHints":{"allow":["GET"]}}],"collection":[{"href":"https:\/\/milenaria.co\/en\/wp-json\/wp\/v2\/pages"}],"about":[{"href":"https:\/\/milenaria.co\/en\/wp-json\/wp\/v2\/types\/page"}],"author":[{"embeddable":true,"href":"https:\/\/milenaria.co\/en\/wp-json\/wp\/v2\/users\/1"}],"replies":[{"embeddable":true,"href":"https:\/\/milenaria.co\/en\/wp-json\/wp\/v2\/comments?post=923"}],"version-history":[{"count":11,"href":"https:\/\/milenaria.co\/en\/wp-json\/wp\/v2\/pages\/923\/revisions"}],"predecessor-version":[{"id":2875,"href":"https:\/\/milenaria.co\/en\/wp-json\/wp\/v2\/pages\/923\/revisions\/2875"}],"wp:attachment":[{"href":"https:\/\/milenaria.co\/en\/wp-json\/wp\/v2\/media?parent=923"}],"curies":[{"name":"wp","href":"https:\/\/api.w.org\/{rel}","templated":true}]}}