{"id":921,"date":"2025-07-31T20:36:12","date_gmt":"2025-07-31T20:36:12","guid":{"rendered":"https:\/\/milenaria.co\/about-2\/"},"modified":"2025-11-20T21:17:12","modified_gmt":"2025-11-20T21:17:12","slug":"about-2","status":"publish","type":"page","link":"https:\/\/milenaria.co\/en\/about-2\/","title":{"rendered":"Nuestra Metodolog\u00eda"},"content":{"rendered":"<div class=\"wp-block-uagb-container uagb-block-d813a79f alignfull uagb-is-root-container\"><div class=\"uagb-container-inner-blocks-wrap\">\n<div class=\"wp-block-columns is-layout-flex wp-container-core-columns-is-layout-28f84493 wp-block-columns-is-layout-flex\">\n<div class=\"wp-block-column is-layout-flow wp-block-column-is-layout-flow\" style=\"flex-basis:100%\">\n<div class=\"wp-block-uagb-info-box uagb-block-84311fa0 uagb-infobox__content-wrap  uagb-infobox-icon-above-title uagb-infobox-image-valign-top\"><div class=\"uagb-ifb-content\"><div class=\"uagb-ifb-title-wrap\"><h6 class=\"uagb-ifb-title-prefix\">Somos milenaria<\/h6><h1 class=\"uagb-ifb-title\"><strong>Arte, Ciencia y Memoria Viva para Transformar la Salud Comunitaria<\/strong><br><\/h1><\/div><\/div><\/div>\n<\/div>\n<\/div>\n<\/div><\/div>\n\n\n\n<div class=\"wp-block-uagb-container uagb-block-a75c50f7 alignfull uagb-is-root-container\"><div class=\"uagb-container-inner-blocks-wrap\">\n<div class=\"wp-block-uagb-advanced-heading uagb-block-35cbe83d\"><h1 class=\"uagb-heading-text\">Nuestra Metodolog\u00eda<\/h1><\/div>\n\n\n\n<div class=\"wp-block-uagb-container uagb-block-8c762ca8\">\n<div class=\"wp-block-uagb-advanced-heading uagb-block-fae4a919\"><h4 class=\"uagb-heading-text\">La metodolog\u00eda Milenaria es un modelo transdisciplinario que articula artes vivas, enfermer\u00eda hol\u00edstica, neuroplasticidad, salud intercultural y saberes ancestrales de los Andes. Es un sistema de trabajo claro, replicable y a la vez profundamente humano, creado para fortalecer bienestar individual y colectivo.<\/h4><p class=\"uagb-desc-text\"><strong>1. Fase de Escucha y Diagn\u00f3stico Cultural<br><\/strong><br>Comenzamos con una lectura sensible del territorio humano y emocional:<br><br>\u2022 Historia y contexto cultural,<br>\u2022 Necesidades del grupo,<br>\u2022 Din\u00e1micas de estr\u00e9s, trauma o desconexi\u00f3n,<br>\u2022 Recursos internos y comunitarios.<br><br>Utilizamos escucha profunda, entrevista sensible al trauma, observaci\u00f3n corporal y an\u00e1lisis participativo.<br><br>\u2e3b<br><br><strong>2. Fase de Dise\u00f1o Creativo Participativo<br><\/strong><br>Aqu\u00ed se construye el mapa de trabajo, integrando:<br><br>\u2022 Arte comunitario e instalaci\u00f3n,<br>\u2022 Movimiento consciente y pr\u00e1cticas som\u00e1ticas,<br>\u2022 Medicina ancestral y plantas simb\u00f3licas,<br>\u2022 Salud p\u00fablica y psicolog\u00eda comunitaria,<br>\u2022 Estrategias de autocuidado y regulaci\u00f3n nerviosa.<br><br>Cada proceso se co-dise\u00f1a con la instituci\u00f3n para alinearse a sus objetivos.<br><br>\u2e3b<br><br><strong>3. Fase de Implementaci\u00f3n: Arte como Medicina<br><\/strong><br>Las sesiones tienen estructura y ritualidad, combinando:<br><br>\u2022 Arcilla y elementos naturales,<br>\u2022 Movimiento, respiraci\u00f3n y meditaci\u00f3n,<br>\u2022 Narrativas corporales y escritura intuitiva,<br>\u2022 Ritualidad simb\u00f3lica e instalaci\u00f3n colectiva,<br>\u2022 Ejercicios de memoria y v\u00ednculo comunitario.<br><br>Aqu\u00ed el arte es un puente hacia la sanaci\u00f3n, la identidad y la integraci\u00f3n.<br><br>\u2e3b<br><br><strong>4. Fase de Cierre, Evaluaci\u00f3n e Integraci\u00f3n<br><\/strong><br>El proceso culmina con:<br><br>\u2022 Reflexi\u00f3n individual y colectiva,<br>\u2022 Cierre ritual y recomendaciones,<br>\u2022 Indicadores de impacto (bienestar, cohesi\u00f3n, resiliencia),<br>\u2022 Construcci\u00f3n de memoria comunitaria: piezas, altares, textos o instalaciones que permanecen en el espacio.<br><\/p><\/div>\n\n\n\n<p><\/p>\n\n\n\n<p><\/p>\n\n\n\n<p><\/p>\n<\/div>\n<\/div><\/div>\n\n\n\n<div class=\"wp-block-uagb-container uagb-block-b767d140 default uagb-is-root-container\">\n<div class=\"wp-block-columns is-layout-flex wp-container-core-columns-is-layout-28f84493 wp-block-columns-is-layout-flex\">\n<div class=\"wp-block-column is-layout-flow wp-container-core-column-is-layout-b2a27621 wp-block-column-is-layout-flow\" style=\"border-style:none;border-width:0px;padding-top:0;padding-right:0;padding-bottom:0;padding-left:0;flex-basis:50%\">\n<div class=\"wp-block-uagb-container uagb-block-1fe57a7f\">\n<div class=\"wp-block-uagb-container uagb-block-ab945d4f\">\n<h2 class=\"wp-block-heading alignwide has-ast-global-color-0-color has-text-color has-link-color has-x-large-font-size wp-elements-fe521b1511516488299fbeef27dd9771\">Fundamentos de Arte + Ciencia<br><\/h2>\n<\/div>\n<\/div>\n<\/div>\n\n\n\n<div class=\"wp-block-column is-layout-flow wp-block-column-is-layout-flow\" style=\"flex-basis:50%\">\n<p class=\"has-ast-global-color-8-color has-text-color has-link-color has-medium-font-size wp-elements-e72ca18e2037f36d175480e784c4b0f2\"><strong>Artes:<\/strong><br>\u2022 Artes comunitarias<br>\u2022 Arte instalaci\u00f3n y arte relacional<br>\u2022 Artes som\u00e1ticas y movimiento<br>\u2022 Escritura intuitiva<br>\u2022 Ritualidad y objeto simb\u00f3lico<br><br><strong>Ciencias<br><\/strong>\u2022 Enfermer\u00eda hol\u00edstica<br>\u2022 Neuroplasticidad y regulaci\u00f3n nerviosa<br>\u2022 Psicolog\u00eda comunitaria<br>\u2022 Salud p\u00fablica y educaci\u00f3n intercultural<br>\u2022 Estudios de trauma, duelo y resiliencia<br>\u2022 Medicina ancestral de los Andes<\/p>\n<\/div>\n<\/div>\n<\/div>\n\n\n\n<p><\/p>","protected":false},"excerpt":{"rendered":"<p>Nuestra Metodolog\u00eda La metodolog\u00eda Milenaria es un modelo transdisciplinario que articula artes vivas, enfermer\u00eda hol\u00edstica, neuroplasticidad, salud intercultural y saberes [&hellip;]<\/p>\n","protected":false},"author":1,"featured_media":0,"parent":0,"menu_order":0,"comment_status":"closed","ping_status":"closed","template":"","meta":{"_uag_custom_page_level_css":"","site-sidebar-layout":"no-sidebar","site-content-layout":"","ast-site-content-layout":"full-width-container","site-content-style":"unboxed","site-sidebar-style":"default","ast-global-header-display":"","ast-banner-title-visibility":"","ast-main-header-display":"","ast-hfb-above-header-display":"","ast-hfb-below-header-display":"","ast-hfb-mobile-header-display":"","site-post-title":"disabled","ast-breadcrumbs-content":"","ast-featured-img":"","footer-sml-layout":"","theme-transparent-header-meta":"","adv-header-id-meta":"","stick-header-meta":"","header-above-stick-meta":"","header-main-stick-meta":"","header-below-stick-meta":"","astra-migrate-meta-layouts":"default","ast-page-background-enabled":"default","ast-page-background-meta":{"desktop":{"background-color":"var(--ast-global-color-4)","background-image":"","background-repeat":"repeat","background-position":"center center","background-size":"auto","background-attachment":"scroll","background-type":"","background-media":"","overlay-type":"","overlay-color":"","overlay-opacity":"","overlay-gradient":""},"tablet":{"background-color":"","background-image":"","background-repeat":"repeat","background-position":"center center","background-size":"auto","background-attachment":"scroll","background-type":"","background-media":"","overlay-type":"","overlay-color":"","overlay-opacity":"","overlay-gradient":""},"mobile":{"background-color":"","background-image":"","background-repeat":"repeat","background-position":"center center","background-size":"auto","background-attachment":"scroll","background-type":"","background-media":"","overlay-type":"","overlay-color":"","overlay-opacity":"","overlay-gradient":""}},"ast-content-background-meta":{"desktop":{"background-color":"var(--ast-global-color-5)","background-image":"","background-repeat":"repeat","background-position":"center center","background-size":"auto","background-attachment":"scroll","background-type":"","background-media":"","overlay-type":"","overlay-color":"","overlay-opacity":"","overlay-gradient":""},"tablet":{"background-color":"var(--ast-global-color-5)","background-image":"","background-repeat":"repeat","background-position":"center center","background-size":"auto","background-attachment":"scroll","background-type":"","background-media":"","overlay-type":"","overlay-color":"","overlay-opacity":"","overlay-gradient":""},"mobile":{"background-color":"var(--ast-global-color-5)","background-image":"","background-repeat":"repeat","background-position":"center center","background-size":"auto","background-attachment":"scroll","background-type":"","background-media":"","overlay-type":"","overlay-color":"","overlay-opacity":"","overlay-gradient":""}},"footnotes":""},"class_list":["post-921","page","type-page","status-publish","hentry"],"aioseo_notices":[],"uagb_featured_image_src":{"full":false,"thumbnail":false,"medium":false,"medium_large":false,"large":false,"1536x1536":false,"2048x2048":false,"trp-custom-language-flag":false,"woocommerce_thumbnail":false,"woocommerce_single":false,"woocommerce_gallery_thumbnail":false},"uagb_author_info":{"display_name":"soporte.milenaria@gmail.com","author_link":"https:\/\/milenaria.co\/en\/author\/soporte-milenariagmail-com\/"},"uagb_comment_info":0,"uagb_excerpt":"Nuestra Metodolog\u00eda La metodolog\u00eda Milenaria es un modelo transdisciplinario que articula artes vivas, enfermer\u00eda hol\u00edstica, neuroplasticidad, salud intercultural y saberes [&hellip;]","_links":{"self":[{"href":"https:\/\/milenaria.co\/en\/wp-json\/wp\/v2\/pages\/921","targetHints":{"allow":["GET"]}}],"collection":[{"href":"https:\/\/milenaria.co\/en\/wp-json\/wp\/v2\/pages"}],"about":[{"href":"https:\/\/milenaria.co\/en\/wp-json\/wp\/v2\/types\/page"}],"author":[{"embeddable":true,"href":"https:\/\/milenaria.co\/en\/wp-json\/wp\/v2\/users\/1"}],"replies":[{"embeddable":true,"href":"https:\/\/milenaria.co\/en\/wp-json\/wp\/v2\/comments?post=921"}],"version-history":[{"count":21,"href":"https:\/\/milenaria.co\/en\/wp-json\/wp\/v2\/pages\/921\/revisions"}],"predecessor-version":[{"id":2856,"href":"https:\/\/milenaria.co\/en\/wp-json\/wp\/v2\/pages\/921\/revisions\/2856"}],"wp:attachment":[{"href":"https:\/\/milenaria.co\/en\/wp-json\/wp\/v2\/media?parent=921"}],"curies":[{"name":"wp","href":"https:\/\/api.w.org\/{rel}","templated":true}]}}